{"id":3,"date":"2022-04-04T15:02:05","date_gmt":"2022-04-04T15:02:05","guid":{"rendered":"https:\/\/mollybiketrailer.de\/?page_id=3"},"modified":"2023-03-03T12:53:39","modified_gmt":"2023-03-03T12:53:39","slug":"privacy-policy","status":"publish","type":"page","link":"https:\/\/mollybiketrailer.de\/index.php\/privacy-policy\/","title":{"rendered":"Impressum"},"content":{"rendered":"\n<p>Verantwortlich f\u00fcr den Inhalt<\/p>\n\n\n\n<p><strong>BikeStore GmbH<\/strong><br>Bahnhofstra\u00dfe 46<br>46414 Rhede<br>Tel.: +49 (0) 28 72 \/ 95 35 \u2013 900<br>Fax: +49 (0) 28 72 \/ 95 35- 999<br>Kontakt info@bikestore-rhede.de<\/p>\n\n\n\n<p>Sitz der Gesellschaft<br>Rhede, NRW: Amtsgericht Coesfeld HRB 17822<br>USt.-IdNr.: DE 321 455 498<br>Gesch\u00e4ftsf\u00fchrer: J\u00fcrgen Krasemann sen., J\u00fcrgen Krasemann jun., Dennis Krasemann<\/p>\n\n\n\n<p><strong>\u00c4nderungsvorbehalt<\/strong><\/p>\n\n\n\n<p>Alle Angaben sind freibleibend und unverbindlich. BikeStore-Rhede.de beh\u00e4lt sich vor, ihren Internetauftritt oder Teile davon ohne gesonderte Ank\u00fcndigung zu ver\u00e4ndern, zu erg\u00e4nzen, zu l\u00f6schen oder die Ver\u00f6ffentlichung zeitweise oder endg\u00fcltig einzustellen.<\/p>\n\n\n\n<p><strong>Verweise (Links) auf andere Internetseiten<\/strong><\/p>\n\n\n\n<p>Vom Internetauftritt BikeStore-Rhede.de&nbsp;aus wird durch Links unmittelbar oder mittelbar auf andere Internetauftritte verwiesen. Deren Inhalt und Gestaltung unterliegen nicht der Kontrolle oder dem Einfluss der BikeStore GmbH. Diese haftet daher nicht daf\u00fcr.<\/p>\n\n\n\n<p><strong>Urheber- Marken und andere Schutzrechte<\/strong><\/p>\n\n\n\n<p>\u00a9 J\u00fcrgen Krasemann, alle Rechte vorbehalten. Die Inhalte und ihre Anordnung auf den Seiten dieses Internetauftritts unterliegen dem Schutz des Urheberrechts und anderer Schutzgesetze. Sie d\u00fcrfen ganz oder auszugsweise nur zum pers\u00f6nlichen, nicht zum kommerziellen Gebrauch verwendet werden. Ausgenommen sind die Seiten des Bereichs f\u00fcr Presse- und \u00d6ffentlichkeitsarbeit. Das hier angebotene Text- und Bildmaterial steht zur redaktionellen Verwendung im Rahmen der gesetzlichen Bestimmungen zur freien Verf\u00fcgung. Bei Vervielf\u00e4ltigung dieser Inhalte ist ausdr\u00fccklich auf die Urheber- und Eigentumsrechte der BikeStore GmbH. Die Inhalte d\u00fcrfen nicht ver\u00e4ndert oder ohne schriftliche Genehmigung der BikeStore GmbH auf anderen Internetseiten genutzt werden. Die in diesem Internetauftritt wiedergegebenen Inhalte wie zum Beispiel Bilder k\u00f6nnen auch dem Urheberrecht Dritter unterliegen. Das Logo und weitere Firmenbezeichnungen sind eingetragene Marken der BikeStore GmbH. Auch die Bezeichnungen oder Zeichen anderer Firmen, die bei dem Internetauftritt der BikeStore GmbH dargestellt werden, k\u00f6nnen rechtlich gesch\u00fctzt sein.<\/p>\n\n\n\n<p><strong>Online-Streitbeilegung&nbsp;<\/strong><\/p>\n\n\n\n<p>Online-Streitbeilegung gem\u00e4\u00df Art. 14 Abs. 1 ODR-VO: Die Europ\u00e4ische Kommission stellt eine Plattform zur Online-Streitbeilegung (OS) bereit, die Sie unter http:\/\/ec.europa.eu\/consumers\/odr\/ finden.<\/p>\n\n\n\n<p><strong>Haftungsausschluss:&nbsp;<\/strong><\/p>\n\n\n\n<p><strong>Haftung f\u00fcr Inhalte<\/strong><\/p>\n\n\n\n<p>Die Inhalte unserer Seiten wurden mit gr\u00f6\u00dfter Sorgfalt erstellt. F\u00fcr die Richtigkeit, Vollst\u00e4ndigkeit und Aktualit\u00e4t der Inhalte k\u00f6nnen wir jedoch keine Gew\u00e4hr \u00fcbernehmen. Als Diensteanbieter sind wir gem\u00e4\u00df \u00a7 7 Abs.1 TMG f\u00fcr eigene Inhalte auf diesen Seiten nach den allgemeinen Gesetzen verantwortlich. Nach \u00a7\u00a7 8 bis 10 TMG sind wir als Diensteanbieter jedoch nicht verpflichtet, \u00fcbermittelte oder gespeicherte fremde Informationen zu \u00fcberwachen oder nach Umst\u00e4nden zu forschen, die auf eine rechtswidrige T\u00e4tigkeit hinweisen. Verpflichtungen zur Entfernung oder Sperrung der Nutzung von Informationen nach den allgemeinen Gesetzen bleiben hiervon unber\u00fchrt. Eine diesbez\u00fcgliche Haftung ist jedoch erst ab dem Zeitpunkt der Kenntnis einer konkreten Rechtsverletzung m\u00f6glich. Bei Bekanntwerden von entsprechenden Rechtsverletzungen werden wir diese Inhalte umgehend entfernen.<\/p>\n\n\n\n<p><strong>Haftung f\u00fcr Links<\/strong><\/p>\n\n\n\n<p>Unser Angebot enth\u00e4lt Links zu externen Webseiten Dritter, auf deren Inhalte wir keinen Einfluss haben. Deshalb k\u00f6nnen wir f\u00fcr diese fremden Inhalte auch keine Gew\u00e4hr \u00fcbernehmen. F\u00fcr die Inhalte der verlinkten Seiten ist stets der jeweilige Anbieter oder Betreiber der Seiten verantwortlich. Die verlinkten Seiten wurden zum Zeitpunkt der Verlinkung auf m\u00f6gliche Rechtsverst\u00f6\u00dfe \u00fcberpr\u00fcft. Rechtswidrige Inhalte waren zum Zeitpunkt der Verlinkung nicht erkennbar. Eine permanente inhaltliche Kontrolle der verlinkten Seiten ist jedoch ohne konkrete Anhaltspunkte einer Rechtsverletzung nicht zumutbar. Bei Bekanntwerden von Rechtsverletzungen werden wir derartige Links umgehend entfernen.<\/p>\n\n\n\n<p><strong>Urheberrecht<\/strong><\/p>\n\n\n\n<p>Die durch die Seitenbetreiber erstellten Inhalte und Werke auf diesen Seiten unterliegen dem deutschen Urheberrecht. Die Vervielf\u00e4ltigung, Bearbeitung, Verbreitung und jede Art der Verwertung au\u00dferhalb der Grenzen des Urheberrechtes bed\u00fcrfen der schriftlichen Zustimmung des jeweiligen Autors bzw. Erstellers. Downloads und Kopien dieser Seite sind nur f\u00fcr den privaten, nicht kommerziellen Gebrauch gestattet. Soweit die Inhalte auf dieser Seite nicht vom Betreiber erstellt wurden, werden die Urheberrechte Dritter beachtet. Insbesondere werden Inhalte Dritter als solche gekennzeichnet. Sollten Sie trotzdem auf eine Urheberrechtsverletzung aufmerksam werden, bitten wir um einen entsprechenden Hinweis. Bei Bekanntwerden von Rechtsverletzungen werden wir derartige Inhalte umgehend entfernen.<\/p>\n\n\n\n<p><strong>Datenschutz<\/strong><\/p>\n\n\n\n<p>Die Nutzung unserer Webseite ist in der Regel ohne Angabe personenbezogener Daten m\u00f6glich. Soweit auf unseren Seiten personenbezogene Daten (beispielsweise Name, Anschrift oder eMail-Adressen) erhoben werden, erfolgt dies, soweit m\u00f6glich, stets auf freiwilliger Basis. Diese Daten werden ohne Ihre ausdr\u00fcckliche Zustimmung nicht an Dritte weitergegeben.<\/p>\n\n\n\n<p>Wir weisen darauf hin, dass die Daten\u00fcbertragung im Internet (z.B. bei der Kommunikation per E-Mail) Sicherheitsl\u00fccken aufweisen kann. Ein l\u00fcckenloser Schutz der Daten vor dem Zugriff durch Dritte ist nicht m\u00f6glich.<\/p>\n\n\n\n<p>Der Nutzung von im Rahmen der Impressumspflicht ver\u00f6ffentlichten Kontaktdaten durch Dritte zur \u00dcbersendung von nicht ausdr\u00fccklich angeforderter Werbung und Informationsmaterialien wird hiermit ausdr\u00fccklich widersprochen. Die Betreiber der Seiten behalten sich ausdr\u00fccklich rechtliche Schritte im Falle der unverlangten Zusendung von Werbeinformationen, etwa durch Spam-Mails, vor.<\/p>\n\n\n\n<p><strong>Google Analytics<\/strong><\/p>\n\n\n\n<p>Diese Website benutzt Google Analytics, einen Webanalysedienst der Google Inc. (\u201cGoogle\u201c). Google Analytics verwendet sog. \u201cCookies\u201c, Textdateien, die auf Ihrem Computer gespeichert werden und die eine Analyse der Benutzung der Website durch Sie erm\u00f6glicht. Die durch den Cookie erzeugten Informationen \u00fcber Ihre Benutzung diese Website (einschlie\u00dflich Ihrer IP-Adresse) wird an einen Server von Google in den USA \u00fcbertragen und dort gespeichert. Google wird diese Informationen benutzen, um Ihre Nutzung der Website auszuwerten, um Reports \u00fcber die Websiteaktivit\u00e4ten f\u00fcr die Websitebetreiber zusammenzustellen und um weitere mit der Websitenutzung und der Internetnutzung verbundene Dienstleistungen zu erbringen. Auch wird Google diese Informationen gegebenenfalls an Dritte \u00fcbertragen, sofern dies gesetzlich vorgeschrieben oder soweit Dritte diese Daten im Auftrag von Google verarbeiten. Google wird in keinem Fall Ihre IP-Adresse mit anderen Daten der Google in Verbindung bringen. Sie k\u00f6nnen die Installation der Cookies durch eine entsprechende Einstellung Ihrer Browser Software verhindern; wir weisen Sie jedoch darauf hin, dass Sie in diesem Fall gegebenenfalls nicht s\u00e4mtliche Funktionen dieser Website voll umf\u00e4nglich nutzen k\u00f6nnen. Durch die Nutzung dieser Website erkl\u00e4ren Sie sich mit der Bearbeitung der \u00fcber Sie erhobenen Daten durch Google in der zuvor beschriebenen Art und Weise und zu dem zuvor benannten Zweck einverstanden.<\/p>\n","protected":false},"excerpt":{"rendered":"<p>Verantwortlich f\u00fcr den Inhalt BikeStore GmbHBahnhofstra\u00dfe 4646414 RhedeTel.: +49 (0) 28 72 \/ 95 35 \u2013 900Fax: +49 (0) 28 72 \/ 95 35- 999Kontakt info@bikestore-rhede.de Sitz der GesellschaftRhede, NRW: Amtsgericht Coesfeld HRB 17822USt.-IdNr.: DE 321 455 498Gesch\u00e4ftsf\u00fchrer: J\u00fcrgen Krasemann sen., J\u00fcrgen Krasemann jun., Dennis Krasemann \u00c4nderungsvorbehalt Alle Angaben sind freibleibend und unverbindlich. BikeStore-Rhede.de beh\u00e4lt&hellip;&nbsp;<a href=\"https:\/\/mollybiketrailer.de\/index.php\/privacy-policy\/\" class=\"\" rel=\"bookmark\">Weiterlesen &raquo;<span class=\"screen-reader-text\">Impressum<\/span><\/a><\/p>\n","protected":false},"author":2,"featured_media":0,"parent":0,"menu_order":0,"comment_status":"closed","ping_status":"closed","template":"","meta":{"neve_meta_sidebar":"","neve_meta_container":"","neve_meta_enable_content_width":"","neve_meta_content_width":0,"neve_meta_title_alignment":"","neve_meta_author_avatar":"","neve_post_elements_order":"","neve_meta_disable_header":"","neve_meta_disable_footer":"","neve_meta_disable_title":"","footnotes":""},"class_list":["post-3","page","type-page","status-publish","hentry"],"_links":{"self":[{"href":"https:\/\/mollybiketrailer.de\/index.php\/wp-json\/wp\/v2\/pages\/3","targetHints":{"allow":["GET"]}}],"collection":[{"href":"https:\/\/mollybiketrailer.de\/index.php\/wp-json\/wp\/v2\/pages"}],"about":[{"href":"https:\/\/mollybiketrailer.de\/index.php\/wp-json\/wp\/v2\/types\/page"}],"author":[{"embeddable":true,"href":"https:\/\/mollybiketrailer.de\/index.php\/wp-json\/wp\/v2\/users\/2"}],"replies":[{"embeddable":true,"href":"https:\/\/mollybiketrailer.de\/index.php\/wp-json\/wp\/v2\/comments?post=3"}],"version-history":[{"count":1,"href":"https:\/\/mollybiketrailer.de\/index.php\/wp-json\/wp\/v2\/pages\/3\/revisions"}],"predecessor-version":[{"id":173,"href":"https:\/\/mollybiketrailer.de\/index.php\/wp-json\/wp\/v2\/pages\/3\/revisions\/173"}],"wp:attachment":[{"href":"https:\/\/mollybiketrailer.de\/index.php\/wp-json\/wp\/v2\/media?parent=3"}],"curies":[{"name":"wp","href":"https:\/\/api.w.org\/{rel}","templated":true}]}}